{"id":13730,"date":"2022-02-14T19:50:29","date_gmt":"2022-02-15T02:50:29","guid":{"rendered":"https:\/\/leon.wiretechmx.com\/?page_id=13730"},"modified":"2024-10-22T08:20:41","modified_gmt":"2024-10-22T14:20:41","slug":"contacto","status":"publish","type":"page","link":"https:\/\/leon.wiretechmx.com\/en\/contacto\/","title":{"rendered":"Contact"},"content":{"rendered":"\t\t<div data-elementor-type=\"wp-page\" data-elementor-id=\"13730\" class=\"elementor elementor-13730\" data-elementor-settings=\"{&quot;element_pack_global_tooltip_width&quot;:{&quot;unit&quot;:&quot;px&quot;,&quot;size&quot;:&quot;&quot;,&quot;sizes&quot;:[]},&quot;element_pack_global_tooltip_width_tablet&quot;:{&quot;unit&quot;:&quot;px&quot;,&quot;size&quot;:&quot;&quot;,&quot;sizes&quot;:[]},&quot;element_pack_global_tooltip_width_mobile&quot;:{&quot;unit&quot;:&quot;px&quot;,&quot;size&quot;:&quot;&quot;,&quot;sizes&quot;:[]},&quot;element_pack_global_tooltip_padding&quot;:{&quot;unit&quot;:&quot;px&quot;,&quot;top&quot;:&quot;&quot;,&quot;right&quot;:&quot;&quot;,&quot;bottom&quot;:&quot;&quot;,&quot;left&quot;:&quot;&quot;,&quot;isLinked&quot;:true},&quot;element_pack_global_tooltip_padding_tablet&quot;:{&quot;unit&quot;:&quot;px&quot;,&quot;top&quot;:&quot;&quot;,&quot;right&quot;:&quot;&quot;,&quot;bottom&quot;:&quot;&quot;,&quot;left&quot;:&quot;&quot;,&quot;isLinked&quot;:true},&quot;element_pack_global_tooltip_padding_mobile&quot;:{&quot;unit&quot;:&quot;px&quot;,&quot;top&quot;:&quot;&quot;,&quot;right&quot;:&quot;&quot;,&quot;bottom&quot;:&quot;&quot;,&quot;left&quot;:&quot;&quot;,&quot;isLinked&quot;:true},&quot;element_pack_global_tooltip_border_radius&quot;:{&quot;unit&quot;:&quot;px&quot;,&quot;top&quot;:&quot;&quot;,&quot;right&quot;:&quot;&quot;,&quot;bottom&quot;:&quot;&quot;,&quot;left&quot;:&quot;&quot;,&quot;isLinked&quot;:true},&quot;element_pack_global_tooltip_border_radius_tablet&quot;:{&quot;unit&quot;:&quot;px&quot;,&quot;top&quot;:&quot;&quot;,&quot;right&quot;:&quot;&quot;,&quot;bottom&quot;:&quot;&quot;,&quot;left&quot;:&quot;&quot;,&quot;isLinked&quot;:true},&quot;element_pack_global_tooltip_border_radius_mobile&quot;:{&quot;unit&quot;:&quot;px&quot;,&quot;top&quot;:&quot;&quot;,&quot;right&quot;:&quot;&quot;,&quot;bottom&quot;:&quot;&quot;,&quot;left&quot;:&quot;&quot;,&quot;isLinked&quot;:true}}\">\n\t\t\t\t\t\t<section class=\"elementor-section elementor-top-section elementor-element elementor-element-5d8f8f6 elementor-section-height-min-height elementor-section-boxed elementor-section-height-default elementor-section-items-middle\" data-id=\"5d8f8f6\" data-element_type=\"section\" data-e-type=\"section\" data-settings=\"{&quot;background_background&quot;:&quot;classic&quot;}\">\n\t\t\t\t\t\t\t<div class=\"elementor-background-overlay\"><\/div>\n\t\t\t\t\t\t\t<div class=\"elementor-container elementor-column-gap-default\">\n\t\t\t\t\t<div class=\"elementor-column elementor-col-100 elementor-top-column elementor-element elementor-element-5a5b2ef\" data-id=\"5a5b2ef\" data-element_type=\"column\" data-e-type=\"column\">\n\t\t\t<div class=\"elementor-widget-wrap elementor-element-populated\">\n\t\t\t\t\t\t<div class=\"elementor-element elementor-element-b50fdb0 elementor-widget elementor-widget-heading\" data-id=\"b50fdb0\" data-element_type=\"widget\" data-e-type=\"widget\" data-widget_type=\"heading.default\">\n\t\t\t\t<div class=\"elementor-widget-container\">\n\t\t\t\t\t<h2 class=\"elementor-heading-title elementor-size-default\">Contacto<\/h2>\t\t\t\t<\/div>\n\t\t\t\t<\/div>\n\t\t\t\t<div class=\"elementor-element elementor-element-e66f8ef elementor-widget elementor-widget-image\" data-id=\"e66f8ef\" data-element_type=\"widget\" data-e-type=\"widget\" data-widget_type=\"image.default\">\n\t\t\t\t<div class=\"elementor-widget-container\">\n\t\t\t\t\t\t\t\t\t\t\t\t\t\t\t<img decoding=\"async\" width=\"386\" height=\"4\" src=\"https:\/\/leon.wiretechmx.com\/wp-content\/uploads\/2022\/02\/separador.png\" class=\"attachment-large size-large wp-image-13668\" alt=\"\" srcset=\"https:\/\/leon.wiretechmx.com\/wp-content\/uploads\/2022\/02\/separador.png 386w, https:\/\/leon.wiretechmx.com\/wp-content\/uploads\/2022\/02\/separador-300x3.png 300w\" sizes=\"(max-width: 386px) 100vw, 386px\" \/>\t\t\t\t\t\t\t\t\t\t\t\t\t\t\t<\/div>\n\t\t\t\t<\/div>\n\t\t\t\t<div class=\"elementor-element elementor-element-b45363e elementor-widget elementor-widget-text-editor\" data-id=\"b45363e\" data-element_type=\"widget\" data-e-type=\"widget\" data-widget_type=\"text-editor.default\">\n\t\t\t\t<div class=\"elementor-widget-container\">\n\t\t\t\t\t\t\t\t\t<p>Ll\u00e1manos, escr\u00edbenos y en breve un asesor calificado se pondr\u00e1 en contacto<\/p>\t\t\t\t\t\t\t\t<\/div>\n\t\t\t\t<\/div>\n\t\t\t\t\t<\/div>\n\t\t<\/div>\n\t\t\t\t\t<\/div>\n\t\t<\/section>\n\t\t\t\t<section class=\"elementor-section elementor-top-section elementor-element elementor-element-05444b7 elementor-section-boxed elementor-section-height-default elementor-section-height-default\" data-id=\"05444b7\" data-element_type=\"section\" data-e-type=\"section\">\n\t\t\t\t\t\t<div class=\"elementor-container elementor-column-gap-default\">\n\t\t\t\t\t<div class=\"elementor-column elementor-col-50 elementor-top-column elementor-element elementor-element-a82f6c3\" data-id=\"a82f6c3\" data-element_type=\"column\" data-e-type=\"column\">\n\t\t\t<div class=\"elementor-widget-wrap elementor-element-populated\">\n\t\t\t\t\t\t<div class=\"elementor-element elementor-element-8a2dc87 elementor-widget elementor-widget-shortcode\" data-id=\"8a2dc87\" data-element_type=\"widget\" data-e-type=\"widget\" data-widget_type=\"shortcode.default\">\n\t\t\t\t<div class=\"elementor-widget-container\">\n\t\t\t\t\t\t\t<div class=\"elementor-shortcode\"><div class=\"wpforms-container wpforms-container-full wpforms-render-modern\" id=\"wpforms-17005\"><form id=\"wpforms-form-17005\" class=\"wpforms-validate wpforms-form wpforms-ajax-form\" data-formid=\"17005\" method=\"post\" enctype=\"multipart\/form-data\" action=\"\/en\/wp-json\/wp\/v2\/pages\/13730\" data-token=\"19dabcc84f03e972bb8065cb93ba69eb\"><noscript class=\"wpforms-error-noscript\">Please enable JavaScript in your browser to complete this form.<\/noscript><div class=\"wpforms-hidden\" id=\"wpforms-error-noscript\">Please enable JavaScript in your browser to complete this form.<\/div><div class=\"wpforms-field-container\"><div id=\"wpforms-17005-field_10-container\" class=\"wpforms-field wpforms-field-layout\" data-field-id=\"10\"><label class=\"wpforms-field-label wpforms-label-hide\" for=\"wpforms-17005-field_10\" aria-hidden=\"false\">Layout<\/label><div class=\"wpforms-field-layout-columns wpforms-field-layout-preset-50-50\"><div class=\"wpforms-layout-column wpforms-layout-column-50\"><div id=\"wpforms-17005-field_1-container\" class=\"wpforms-field wpforms-field-name\" data-field-id=\"1\"><label class=\"wpforms-field-label wpforms-label-hide\" for=\"wpforms-17005-field_1\" aria-hidden=\"false\">Nombre<\/label><input type=\"text\" id=\"wpforms-17005-field_1\" class=\"wpforms-field-small\" name=\"wpforms[fields][1]\" placeholder=\"Nombre\" aria-errormessage=\"wpforms-17005-field_1-error\" ><\/div><div id=\"wpforms-17005-field_2-container\" class=\"wpforms-field wpforms-field-text\" data-field-id=\"2\"><label class=\"wpforms-field-label wpforms-label-hide\" for=\"wpforms-17005-field_2\" aria-hidden=\"false\">Empresa<\/label><input type=\"text\" id=\"wpforms-17005-field_2\" class=\"wpforms-field-small\" name=\"wpforms[fields][2]\" placeholder=\"Empresa\" aria-errormessage=\"wpforms-17005-field_2-error\" ><\/div><div id=\"wpforms-17005-field_3-container\" class=\"wpforms-field wpforms-field-email\" data-field-id=\"3\"><label class=\"wpforms-field-label wpforms-label-hide\" for=\"wpforms-17005-field_3\" aria-hidden=\"false\">Correo electr\u00f3nico <span class=\"wpforms-required-label\" aria-hidden=\"true\">*<\/span><\/label><input type=\"email\" id=\"wpforms-17005-field_3\" class=\"wpforms-field-small wpforms-field-required\" name=\"wpforms[fields][3]\" placeholder=\"Correo electr\u00f3nico\" spellcheck=\"false\" aria-errormessage=\"wpforms-17005-field_3-error\" required><\/div><div id=\"wpforms-17005-field_5-container\" class=\"wpforms-field wpforms-field-text\" data-field-id=\"5\"><label class=\"wpforms-field-label wpforms-label-hide\" for=\"wpforms-17005-field_5\" aria-hidden=\"false\">stand<\/label><input type=\"text\" id=\"wpforms-17005-field_5\" class=\"wpforms-field-small\" name=\"wpforms[fields][5]\" placeholder=\"Stand Deseado\" aria-errormessage=\"wpforms-17005-field_5-error\" ><\/div><div id=\"wpforms-17005-field_7-container\" class=\"wpforms-field wpforms-field-select wpforms-field-select-style-modern\" data-field-id=\"7\"><label class=\"wpforms-field-label\" for=\"wpforms-17005-field_7\">Por que medio te enteraste ?<\/label><select id=\"wpforms-17005-field_7\" class=\"wpforms-field-medium choicesjs-select\" data-size-class=\"wpforms-field-row wpforms-field-medium\" data-search-enabled=\"1\" name=\"wpforms[fields][7]\"><option value=\"\" class=\"placeholder\" disabled  selected='selected'>Recomendaci\u00f3n<\/option><option value=\"Recomendaci\u00f3n\" >Recomendaci\u00f3n<\/option><option value=\"Mailing\" >Mailing<\/option><option value=\"P\u00e1gina web\" >P\u00e1gina web<\/option><option value=\"INA\" >INA<\/option><option value=\"Radio\" >Radio<\/option><option value=\"Televisi\u00f3n\" >Televisi\u00f3n<\/option><option value=\"Revistas\" >Revistas<\/option><option value=\"Escuelas e institutos\" >Escuelas e institutos<\/option><option value=\"Gobierno\" >Gobierno<\/option><option value=\"C\u00e1maras de la industria y asociaciones\" >C\u00e1maras de la industria y asociaciones<\/option><option value=\"Espectaculares\" >Espectaculares<\/option><option value=\"Unmexar\" >Unmexar<\/option><option value=\"Facebook\" >Facebook<\/option><option value=\"Linkedin\" >Linkedin<\/option><option value=\"Instagram\" >Instagram<\/option><option value=\"Otro\" >Otro<\/option><option value=\"Frente norte\" >Frente norte<\/option><option value=\"Liderazgo industrial\/UTCJ\" >Liderazgo industrial\/UTCJ<\/option><option value=\"Chihuahua Futura\" >Chihuahua Futura<\/option><option value=\"Autocluster de Chih\/Index\" >Autocluster de Chih\/Index<\/option><option value=\"El paso Centro de Convenciones\" >El paso Centro de Convenciones<\/option><option value=\"Gobierno de Guanajuato\" >Gobierno de Guanajuato<\/option><\/select><\/div><div id=\"wpforms-17005-field_9-container\" class=\"wpforms-field wpforms-field-textarea\" data-field-id=\"9\"><label class=\"wpforms-field-label wpforms-label-hide\" for=\"wpforms-17005-field_9\" aria-hidden=\"false\">comentarios<\/label><textarea id=\"wpforms-17005-field_9\" class=\"wpforms-field-medium\" name=\"wpforms[fields][9]\" placeholder=\"Comentarios\" aria-errormessage=\"wpforms-17005-field_9-error\" ><\/textarea><\/div><\/div><div class=\"wpforms-layout-column wpforms-layout-column-50\"><div id=\"wpforms-17005-field_4-container\" class=\"wpforms-field wpforms-field-phone\" data-field-id=\"4\"><label class=\"wpforms-field-label wpforms-label-hide\" for=\"wpforms-17005-field_4\" aria-hidden=\"false\">Tel<\/label><input type=\"tel\" id=\"wpforms-17005-field_4\" class=\"wpforms-field-small wpforms-smart-phone-field\" data-rule-smart-phone-field=\"true\" name=\"wpforms[fields][4]\" placeholder=\"Telefono\" aria-errormessage=\"wpforms-17005-field_4-error\" ><\/div><div id=\"wpforms-17005-field_6-container\" class=\"wpforms-field wpforms-field-text\" data-field-id=\"6\"><label class=\"wpforms-field-label wpforms-label-hide\" for=\"wpforms-17005-field_6\" aria-hidden=\"false\">Giro<\/label><input type=\"text\" id=\"wpforms-17005-field_6\" class=\"wpforms-field-small\" name=\"wpforms[fields][6]\" placeholder=\"Giro de la empresa\" aria-errormessage=\"wpforms-17005-field_6-error\" ><\/div><\/div><\/div><\/div><\/div><!-- .wpforms-field-container --><div class=\"wpforms-submit-container\" ><input type=\"hidden\" name=\"wpforms[id]\" value=\"17005\"><input type=\"hidden\" name=\"wpforms[author]\" value=\"1\"><button type=\"submit\" name=\"wpforms[submit]\" id=\"wpforms-submit-17005\" class=\"wpforms-submit\" data-alt-text=\"Enviando...\" data-submit-text=\"Enviar\" aria-live=\"assertive\" value=\"wpforms-submit\">Enviar<\/button><img decoding=\"async\" src=\"https:\/\/leon.wiretechmx.com\/wp-content\/plugins\/wpforms\/assets\/images\/submit-spin.svg\" class=\"wpforms-submit-spinner\" style=\"display: none;\" width=\"26\" height=\"26\" alt=\"Loading\"><\/div><\/form><\/div>  <!-- .wpforms-container --><\/div>\n\t\t\t\t\t\t<\/div>\n\t\t\t\t<\/div>\n\t\t\t\t\t<\/div>\n\t\t<\/div>\n\t\t\t\t<div class=\"elementor-column elementor-col-50 elementor-top-column elementor-element elementor-element-4806fe5\" data-id=\"4806fe5\" data-element_type=\"column\" data-e-type=\"column\">\n\t\t\t<div class=\"elementor-widget-wrap elementor-element-populated\">\n\t\t\t\t\t\t<div class=\"elementor-element elementor-element-6a49b68 elementor-widget elementor-widget-image\" data-id=\"6a49b68\" data-element_type=\"widget\" data-e-type=\"widget\" data-widget_type=\"image.default\">\n\t\t\t\t<div class=\"elementor-widget-container\">\n\t\t\t\t\t\t\t\t\t\t\t\t\t\t\t<img fetchpriority=\"high\" decoding=\"async\" width=\"640\" height=\"140\" src=\"https:\/\/leon.wiretechmx.com\/wp-content\/uploads\/2022\/01\/wiretech-02-1024x224.png\" class=\"attachment-large size-large wp-image-13\" alt=\"\" srcset=\"https:\/\/leon.wiretechmx.com\/wp-content\/uploads\/2022\/01\/wiretech-02-1024x224.png 1024w, https:\/\/leon.wiretechmx.com\/wp-content\/uploads\/2022\/01\/wiretech-02-600x131.png 600w, https:\/\/leon.wiretechmx.com\/wp-content\/uploads\/2022\/01\/wiretech-02-300x66.png 300w, https:\/\/leon.wiretechmx.com\/wp-content\/uploads\/2022\/01\/wiretech-02-768x168.png 768w, https:\/\/leon.wiretechmx.com\/wp-content\/uploads\/2022\/01\/wiretech-02-1536x336.png 1536w, https:\/\/leon.wiretechmx.com\/wp-content\/uploads\/2022\/01\/wiretech-02-2048x448.png 2048w\" sizes=\"(max-width: 640px) 100vw, 640px\" \/>\t\t\t\t\t\t\t\t\t\t\t\t\t\t\t<\/div>\n\t\t\t\t<\/div>\n\t\t\t\t\t<\/div>\n\t\t<\/div>\n\t\t\t\t\t<\/div>\n\t\t<\/section>\n\t\t\t\t<section class=\"elementor-section elementor-top-section elementor-element elementor-element-36dcb41 elementor-section-boxed elementor-section-height-default elementor-section-height-default\" data-id=\"36dcb41\" data-element_type=\"section\" data-e-type=\"section\">\n\t\t\t\t\t\t<div class=\"elementor-container elementor-column-gap-default\">\n\t\t\t\t\t<div class=\"elementor-column elementor-col-100 elementor-top-column elementor-element elementor-element-23e4a69\" data-id=\"23e4a69\" data-element_type=\"column\" data-e-type=\"column\">\n\t\t\t<div class=\"elementor-widget-wrap elementor-element-populated\">\n\t\t\t\t\t\t<div class=\"elementor-element elementor-element-86ef222 elementor-widget elementor-widget-google_maps\" data-id=\"86ef222\" data-element_type=\"widget\" data-e-type=\"widget\" data-widget_type=\"google_maps.default\">\n\t\t\t\t<div class=\"elementor-widget-container\">\n\t\t\t\t\t\t\t<div class=\"elementor-custom-embed\">\n\t\t\t<iframe loading=\"lazy\"\n\t\t\t\t\tsrc=\"https:\/\/maps.google.com\/maps?q=POLIFORUM%20LEON&#038;t=m&#038;z=14&#038;output=embed&#038;iwloc=near\"\n\t\t\t\t\ttitle=\"POLIFORUM LEON\"\n\t\t\t\t\taria-label=\"POLIFORUM LEON\"\n\t\t\t><\/iframe>\n\t\t<\/div>\n\t\t\t\t\t\t<\/div>\n\t\t\t\t<\/div>\n\t\t\t\t\t<\/div>\n\t\t<\/div>\n\t\t\t\t\t<\/div>\n\t\t<\/section>\n\t\t\t\t<\/div>\n\t\t","protected":false},"excerpt":{"rendered":"<p>Contacto Ll\u00e1manos, escr\u00edbenos y en breve un asesor calificado se pondr\u00e1 en contacto<\/p>","protected":false},"author":1,"featured_media":0,"parent":0,"menu_order":0,"comment_status":"closed","ping_status":"closed","template":"","meta":{"footnotes":""},"class_list":["post-13730","page","type-page","status-publish","hentry"],"_links":{"self":[{"href":"https:\/\/leon.wiretechmx.com\/en\/wp-json\/wp\/v2\/pages\/13730","targetHints":{"allow":["GET"]}}],"collection":[{"href":"https:\/\/leon.wiretechmx.com\/en\/wp-json\/wp\/v2\/pages"}],"about":[{"href":"https:\/\/leon.wiretechmx.com\/en\/wp-json\/wp\/v2\/types\/page"}],"author":[{"embeddable":true,"href":"https:\/\/leon.wiretechmx.com\/en\/wp-json\/wp\/v2\/users\/1"}],"replies":[{"embeddable":true,"href":"https:\/\/leon.wiretechmx.com\/en\/wp-json\/wp\/v2\/comments?post=13730"}],"version-history":[{"count":24,"href":"https:\/\/leon.wiretechmx.com\/en\/wp-json\/wp\/v2\/pages\/13730\/revisions"}],"predecessor-version":[{"id":18780,"href":"https:\/\/leon.wiretechmx.com\/en\/wp-json\/wp\/v2\/pages\/13730\/revisions\/18780"}],"wp:attachment":[{"href":"https:\/\/leon.wiretechmx.com\/en\/wp-json\/wp\/v2\/media?parent=13730"}],"curies":[{"name":"wp","href":"https:\/\/api.w.org\/{rel}","templated":true}]}}